{"id":7205,"date":"2017-05-24T20:46:27","date_gmt":"2017-05-25T00:46:27","guid":{"rendered":"http:\/\/bffct.org\/bff\/?page_id=7205"},"modified":"2019-12-31T15:11:00","modified_gmt":"2019-12-31T20:11:00","slug":"buddhism-1-0-eight-steps-to-happiness","status":"publish","type":"page","link":"https:\/\/bffct.org\/bff\/buddhism-1-0-eight-steps-to-happiness\/","title":{"rendered":"Buddhism 1.0: Eight Steps to Happiness"},"content":{"rendered":"<p style=\"text-align: center\"><strong>Class dates: Not yet announced<\/strong><\/p>\n<p style=\"text-align: center\"><strong>Time:<\/strong> <strong>10:30 am\u00a0 \u2013 Noon<\/strong><\/p>\n<p style=\"text-align: center\"><strong>Registration is not open<\/strong><\/p>\n<p style=\"text-align: center\"><strong>Location: FEAS Room\/Main Practice Room<\/strong><\/p>\n<p><strong>Buddhism 1.0 Course: <\/strong>How can you live a happy and meaningful life? This course will look into what the Buddha discovered and his recommendation on walking the path of awareness and compassion.<\/p>\n<p><em>The<\/em><em> Eight Steps to Happiness<\/em> course will meet 3 times over a 3 month period. Exploring the Buddha&#8217;s Noble Eightfold Path, the 1.0 course is divided into three classes based on the three Buddhist trainings and disciplines: The Wisdom Teachings, the Morality Teachings, and Mental Discipline. <strong>Open to beginners and veteran practitioners who are looking for a refresher course. <\/strong>Limited enrollment. <img loading=\"lazy\" decoding=\"async\" class=\" wp-image-7213 alignright\" src=\"http:\/\/bffct.org\/bff\/wp-content\/uploads\/2017\/05\/gandhra-buddha-225x300.jpg\" alt=\"\" width=\"193\" height=\"257\" srcset=\"https:\/\/bffct.org\/bff\/wp-content\/uploads\/2017\/05\/gandhra-buddha-225x300.jpg 225w, https:\/\/bffct.org\/bff\/wp-content\/uploads\/2017\/05\/gandhra-buddha.jpg 413w\" sizes=\"auto, (max-width: 193px) 100vw, 193px\" \/><\/p>\n<p>Students will learn insightful teachings on how to live the Buddha&#8217;s Noble Eightfold Path for 21<sup>st<\/sup> century Americans through a dynamic classroom experience and short assignments. The course offers practical advice to handle anger, find right livelihood, cultivate lovingkindness (metta), practice mindfulness, and overcome the mental hindrances that prevent happiness. Whether you are someone who is just beginning or a veteran Buddhist, this down-to-earth course will help you bring the heart of the Buddha\u2019s original teachings into every aspect of your life.<\/p>\n<p><strong>Teacher: <\/strong>Our founding teacher, <strong><a href=\"http:\/\/bffct.org\/bff\/our-teachers-officers\/\">Senpai Daishin<\/a> <\/strong>has a knack of making complex concepts simple and easy to understand for those unfamiliar with the core teachings of Buddhism likewise the course\u2019s book,\u00a0<em>The Beginner&#8217;s Guide to Walking the Buddha&#8217;s Eightfold Path<\/em> has an engaging style and is an easy to read guide that delves into the heart of the Buddha&#8217;s teachings.<\/p>\n<p><strong>Pre-requisites:<\/strong> none<\/p>\n<p><strong>Books:<\/strong> Students will need to purchase the book, <em><strong>The Beginner&#8217;s Guide to Walking the Buddha&#8217;s Eightfold Path<\/strong><\/em> by Jean Smith, \u00a0separately through his\/her favorite bookstore or online bookseller. We suggest purchasing the book as soon as you register in order to allow you enough time to complete the first reading assignment.<\/p>\n<p><strong>Assignments:<\/strong> There will be short assignments with guided reading questions based on the readings; they will be emailed to the students.\u00a0 Please, try to do as much of each assignment as possible and bring them to the class. Assignments have been created to help you to understand and practice the teachings for daily living while class-time offers guided instruction on the path and its practices that bring to life Buddhism as a culture of awakening.<\/p>\n<p><strong>Practice &amp; Talks Attendance:<\/strong>\u00a0 We <span style=\"text-decoration: underline\"><u>highly recommend<\/u><\/span> that while taking the Buddhism 1.0 course, students should also strive to attend the Practice &amp; Talk meetings starting at 9 a.m. for the duration of the course.<\/p>\n<p>Topics of talks or discussions plus practices will correspond with the information presented in course; so the P &amp; Ts will reinforce what is learned in class. It is important to understand that Buddhism is more than just an intellectual exploration or a belief system but it is experience that encompasses the mind, body, and senses, as well as, a sense of community with fellow practitioners, called the sangha.\u00a0 Our Practice &amp; Talk meets twice a month on the 2<sup>nd<\/sup> and 4<sup>th<\/sup> Sundays of the month. Also, if you are part of our Buddhist Family Practice or our 12 Step Buddhist Group then your attendance in those groups will be acceptable. <img loading=\"lazy\" decoding=\"async\" class=\"size-medium wp-image-7345 alignright\" src=\"http:\/\/bffct.org\/bff\/wp-content\/uploads\/2017\/06\/8-steps-300x199.jpg\" alt=\"\" width=\"300\" height=\"199\" srcset=\"https:\/\/bffct.org\/bff\/wp-content\/uploads\/2017\/06\/8-steps-300x199.jpg 300w, https:\/\/bffct.org\/bff\/wp-content\/uploads\/2017\/06\/8-steps.jpg 643w\" sizes=\"auto, (max-width: 300px) 100vw, 300px\" \/><\/p>\n<p><strong>A Special Gift.<\/strong> At the last class, for those who have completed the course and are in attendance, students will receive a special complimentary gift.<\/p>\n<p><strong>Costs:<\/strong> <strong>$95<\/strong>\u00a0for non-members and <strong>$75<\/strong> for supporting members for 3 sessions.<\/p>\n<p><strong>Meeting times:<\/strong> Classes begin at 10:30 a.m. and will each be up to 1.5 hours in duration.<\/p>\n<p><strong>Membership:<\/strong> to become a supporting member of the Buddhist Faith Fellowship and receive course discounts and other benefits, visit <strong><a href=\"http:\/\/bffct.org\/bff\/online-membership-enrollment\/\">HERE<\/a><\/strong>.<\/p>\n<p><strong>Register Here. <\/strong>I read and agree with the <em>Refund Policy<\/em> &amp;\u00a0<em>Disclaimer of Responsibility <\/em>below.<\/p>\n<p>[nicepaypal name=&#8221;Buddhism 1.0 Course: Eight Steps. I read and agree with the Refund Policy &amp; <em>Disclaimer of Responsibility<\/em>. BFF, Inc is a 501(c)(3) nonprofit. IRS (DNL) # is 1705308704202.&#8221; option1=&#8221;dropprice; donation; Select donation; Non-member: 95.00;Member:75.00&#8243;]<\/p>\n<p><strong>Retaking<\/strong>\u00a0<strong>Buddhism 1.0: Eight Steps to Happiness?<\/strong>\u00a0If you already took this course <strong>in 2017 or 2018<\/strong> and wish to retake it as a refresher course, we are asking for a nominal donation of\u00a0 either\u00a0<strong>$30 <\/strong>or<strong> $25 <\/strong>to help cover costs.<\/p>\n<p>[nicepaypal name=&#8221;Buddhism 1.0 Course: Retaking Eight Steps. I read and agree with the Refund Policy &amp; <em>Disclaimer of Responsibility<\/em>. BFF, Inc is a 501(c)(3) nonprofit. IRS (DNL) # is 1705308704202.&#8221; option1=&#8221;dropprice; donation; Select donation; Retake Option 1: 30.00; Retake Option 2:25.00&#8243;]<\/p>\n<p><em>No refunds <\/em>are granted for no shows or cancellations except if course, workshop, retreat or program is withdrawn by BFF of CT.\u00a0 By registering to any course, workshop or retreat, you acknowledge and agree with our Refund Policy.<\/p>\n<p>If a student wishes to cancel his\/her registration to any course, workshop or retreat, the BFF of CT may provide credit to the student toward another corresponding future course, workshop or retreat taken with the Fellowship. The student needs to provide a written request for credit sent via email to the BFF of CT one week prior to the first day of class, workshop or retreat. Credit toward a course will only be granted for one year after the date of cancellation.<\/p>\n<p><em>Disclaimer of Responsibility<\/em>: By registering for this program. I, the course member, specifically waive any and all claims of action against the Buddhist Faith Fellowship, Inc. and staff for damages, loss, injury, accident, or death due to negligence on the part of any organization, volunteer or employee providing services included in this course.<\/p>\n<h4 style=\"text-align: center\">Testimonials<\/h4>\n<p>&#8220;Being an experience meditator and Buddhist teacher, Senpai is a master in explaining the Buddhist teachings through down-to-earth language, charming personal stories, and clear metaphors and similes. I would highly recommend any course he is teaching.&#8221; \u00c9l habla espa\u00f1ol tambi\u00e9n. &#8211; Anita Sanchez, New Haven, CT<\/p>\n<p>&#8220;Buddhism 1.0 offers a treasure trove of great ideas to lessen suffering and live a happier life, while the readings and Senpai&#8217;s teachings present an essential tool-box of spiritual and psychological tools to successfully live the teachings.&#8221; &#8211; Charles Forester, Cheshire, CT<\/p>\n<p>&#8220;Buddhism 1.0 has changed my life.&#8221; &#8211; Barbara Martin, Middletown, CT<\/p>\n<p>I would recommend it to anyone serious about learning about Buddhism. Buddhism 1.0 is a gentle, inspiring and structured course. The Practice &amp; Talk Meetings were a great bonus. I give kudos to Senpai who just may be the best Buddhist teacher in Connecticut.&#8221; &#8211; M.J. Davis, New Britain, CT<\/p>\n","protected":false},"excerpt":{"rendered":"<p>Class dates: Not yet announced Time: 10:30 am\u00a0 \u2013 Noon Registration is not open Location: FEAS Room\/Main Practice Room Buddhism 1.0 Course: How can you live a happy and meaningful life? This course will look into what the Buddha discovered and his recommendation on walking the path of awareness and compassion. The Eight Steps to&hellip;<\/p>\n","protected":false},"author":2,"featured_media":0,"parent":0,"menu_order":0,"comment_status":"closed","ping_status":"closed","template":"","meta":{"_exactmetrics_skip_tracking":false,"_exactmetrics_sitenote_active":false,"_exactmetrics_sitenote_note":"","_exactmetrics_sitenote_category":0,"footnotes":""},"class_list":["post-7205","page","type-page","status-publish","hentry","ctfw-no-image"],"_links":{"self":[{"href":"https:\/\/bffct.org\/bff\/wp-json\/wp\/v2\/pages\/7205","targetHints":{"allow":["GET"]}}],"collection":[{"href":"https:\/\/bffct.org\/bff\/wp-json\/wp\/v2\/pages"}],"about":[{"href":"https:\/\/bffct.org\/bff\/wp-json\/wp\/v2\/types\/page"}],"author":[{"embeddable":true,"href":"https:\/\/bffct.org\/bff\/wp-json\/wp\/v2\/users\/2"}],"replies":[{"embeddable":true,"href":"https:\/\/bffct.org\/bff\/wp-json\/wp\/v2\/comments?post=7205"}],"version-history":[{"count":17,"href":"https:\/\/bffct.org\/bff\/wp-json\/wp\/v2\/pages\/7205\/revisions"}],"predecessor-version":[{"id":9059,"href":"https:\/\/bffct.org\/bff\/wp-json\/wp\/v2\/pages\/7205\/revisions\/9059"}],"wp:attachment":[{"href":"https:\/\/bffct.org\/bff\/wp-json\/wp\/v2\/media?parent=7205"}],"curies":[{"name":"wp","href":"https:\/\/api.w.org\/{rel}","templated":true}]}}