{"id":12163,"date":"2025-01-20T16:25:37","date_gmt":"2025-01-20T21:25:37","guid":{"rendered":"https:\/\/bffct.org\/bff\/?page_id=12163"},"modified":"2025-11-19T08:19:42","modified_gmt":"2025-11-19T13:19:42","slug":"buddhism-for-beginners-a-practical-overview","status":"publish","type":"page","link":"https:\/\/bffct.org\/bff\/buddhism-for-beginners-a-practical-overview\/","title":{"rendered":"Buddhism for Beginners Course"},"content":{"rendered":"\n<h3 class=\"wp-block-heading has-text-align-center\"><strong>Discover the Essence of Buddhism<\/strong><\/h3>\n\n\n\n<p><\/p>\n\n\n\n<p><strong>Open Enrollment is extended until Friday, May 9, 2025<\/strong> (11:59 p.m.) &#8211; a few spots left<\/p>\n\n\n\n<p><strong>Online classes start on May 18, 2025 &#8211; 6 p.m. online<\/strong><\/p>\n\n\n\n<p><strong>Buddhism for Beginners: A Practical Overview<\/strong> is a basic survey and introduction, in <strong>2 online sessions<\/strong>, of the Buddha&#8217;s life, Buddhist history, ethics, meditation, devotional practices, and various schools. This course will give clear insights into the core teachings that have inspired mindfulness and spiritual growth, and promoted enlightenment for over 2,400 years. Whether you\u2019re new to Buddhism or seeking a refresher, this course illuminates the foundations of the Buddha\u2019s wisdom and its application in daily life.<\/p>\n\n\n<div class=\"wp-block-image\">\n<figure class=\"alignright size-full is-resized\"><img loading=\"lazy\" decoding=\"async\" width=\"1009\" height=\"764\" src=\"https:\/\/bffct.org\/bff\/wp-content\/uploads\/2025\/01\/glow.jpeg\" alt=\"\" class=\"wp-image-12164\" style=\"width:287px;height:auto\" srcset=\"https:\/\/bffct.org\/bff\/wp-content\/uploads\/2025\/01\/glow.jpeg 1009w, https:\/\/bffct.org\/bff\/wp-content\/uploads\/2025\/01\/glow-300x227.jpeg 300w, https:\/\/bffct.org\/bff\/wp-content\/uploads\/2025\/01\/glow-768x582.jpeg 768w\" sizes=\"auto, (max-width: 1009px) 100vw, 1009px\" \/><\/figure>\n<\/div>\n\n\n<p>Through engaging discussions, practical exercises, and a supportive learning environment, participants will uncover the richness of Buddhist philosophy and its diverse schools, from Therav\u0101da, Mah\u0101y\u0101na, and Vajray\u0101na to Pure Land Buddhism.<\/p>\n\n\n\n<p>A portion of each of the 2 classes will also include mindfulness instruction and practice, helping participants experience the foundational meditative techniques of Buddhism. Designed for those curious about Buddhism\u2019s relevance today, this course invites you to explore its timeless truths and discover how they can guide you toward a more mindful and awakened life.<\/p>\n\n\n\n<h4 class=\"wp-block-heading has-text-align-center\"><strong>Book Selection &amp; Dates<\/strong><\/h4>\n\n\n\n<p><strong>Click on book title to order:<\/strong><\/p>\n\n\n\n<p>May 18 &amp; June 8.<strong> <\/strong><a href=\"https:\/\/amzn.to\/4ascgSP\" data-type=\"link\" data-id=\"https:\/\/amzn.to\/4ascgSP\" target=\"_blank\" rel=\"noreferrer noopener\"><strong>Introducing Buddhism<\/strong><\/a><strong> <\/strong>by Chris Pauling<\/p>\n\n\n\n<p>We also want to let you know that the Buddhist Faith Fellowship is part of the <strong>non-profit Amazon Affiliate Program<\/strong>. This means that when you purchase any item through our affiliate links above (click on book title), a small portion of the sale helps us cover operating costs and fund our programs. Your support allows us to continue and expand our offerings, bringing the Dharma to more people. Thank you for walking this path with us!<\/p>\n\n\n\n<h4 class=\"wp-block-heading has-text-align-center\"><strong>The Course<\/strong><\/h4>\n\n\n\n<p><strong>Pre-requisites<\/strong>:&nbsp;&nbsp;none. \u2014just an open mind and a willingness to learn.<strong><\/strong><\/p>\n\n\n\n<p><strong>Education<\/strong>:&nbsp; This course surveys the essence of Buddhism, its founder, its basic philosophy and psychology, meditation, devotional practices, history and its various schools.<\/p>\n\n\n\n<p><strong>Course Requirements<\/strong>: This course has four components to be completed by the student.<\/p>\n\n\n\n<ol start=\"1\" class=\"wp-block-list\">\n<li>Reading the book and completing the 2 assignments.<\/li>\n\n\n\n<li>Attending the online classes.<\/li>\n\n\n\n<li>Attending our Sunday morning gathering if your live in Connecticut or local group.<\/li>\n\n\n\n<li>Practicing what is learned.<\/li>\n<\/ol>\n\n\n\n<p><strong>Attendance &amp; Commitment:<\/strong>&nbsp;If you live in Connecticut, all participants <strong>should&nbsp;strive for&nbsp;a 75% Sunday morning Practice &amp; Talk Meeting&nbsp;attendance<\/strong> record from the beginning&nbsp;to the end of the course.&nbsp;If you live outside of Connecticut, you should seek a local Buddhist group in your area (if there is one).&nbsp;This is part of the sedimentation process that allows us to assimilate the teachings into our daily life and to learn from other experienced teachers. <strong>Community practice is an important component&nbsp;of the&nbsp;Buddha\u2019s Way<\/strong>&nbsp;to spiritual transformation. We cannot do it alone and we need the sangha (community of practitioners) to help us along the journey.<\/p>\n\n\n\n<p><strong>Absences&nbsp;from classes<\/strong>: All students are allowed just one absence from a class and if absent all assignments must be delivered via e-mail before or immediately after the missed class.&nbsp;&nbsp;Attendance will be taken.<\/p>\n\n\n\n<p><strong>Discipline:<\/strong>&nbsp;In order to experience spiritual transformation and realize understanding one must be committed to the process such as practicing at home, work and in relationships, attending the classes, a local Buddhist practice meeting, and completing all of the assignments. <strong>Our course is not a book discussion group<\/strong> <strong>but is a structured program<\/strong> to help you live the Buddha\u2019s teachings in everyday life.<\/p>\n\n\n\n<p><strong>Assignments:<\/strong>&nbsp;All&nbsp;assignments are based on the readings and will be sent to students via e-mail. <strong>They must be completed before the class.<\/strong>&nbsp;First homework assignment is due&nbsp;on the first-class meeting. <\/p>\n\n\n\n<p><strong>Books: <\/strong>Students are responsible to purchase their course books at a local bookseller or online.&nbsp;We suggest students&nbsp;purchase all books well in advance in order to allow enough time for delivery &amp; the completion of assignments.<\/p>\n\n\n\n<p><strong>Contribution<\/strong>: <strong>$135<\/strong>.<strong><\/strong><\/p>\n\n\n\n<p>Early Bird Discount&nbsp;of 15% until April 6, 2025<\/p>\n\n\n\n<p>Discount Code: beginner101<\/p>\n\n\n\n<p><strong>Open Enrollment ends May 6, 2025<\/strong><\/p>\n\n\n\n<p><strong>Time, Frequency &amp; Place:<\/strong> It will meet <strong>2x, on Sunday evenings<\/strong>.&nbsp; Online classes will be approx. 60 &#8211; 90 minutes each for <strong>6 p.m. to 7 -7:30 p.m. EST<\/strong> (USA &amp; Canada) or (GMT-5). See dates above. &nbsp;The unique Zoom link will be sent to registered students.<\/p>\n\n\n<div class=\"wp-block-image\">\n<figure class=\"alignleft size-full is-resized\"><img loading=\"lazy\" decoding=\"async\" width=\"774\" height=\"1226\" src=\"https:\/\/bffct.org\/bff\/wp-content\/uploads\/2025\/11\/Dharma-Teacher-Teacher-in-Connecticut.jpg\" alt=\"\" class=\"wp-image-14533\" style=\"width:60px;height:auto\" srcset=\"https:\/\/bffct.org\/bff\/wp-content\/uploads\/2025\/11\/Dharma-Teacher-Teacher-in-Connecticut.jpg 774w, https:\/\/bffct.org\/bff\/wp-content\/uploads\/2025\/11\/Dharma-Teacher-Teacher-in-Connecticut-189x300.jpg 189w, https:\/\/bffct.org\/bff\/wp-content\/uploads\/2025\/11\/Dharma-Teacher-Teacher-in-Connecticut-646x1024.jpg 646w, https:\/\/bffct.org\/bff\/wp-content\/uploads\/2025\/11\/Dharma-Teacher-Teacher-in-Connecticut-768x1216.jpg 768w\" sizes=\"auto, (max-width: 774px) 100vw, 774px\" \/><\/figure>\n<\/div>\n\n\n<p><strong>Teacher:<\/strong> Rev. D. Senpai, M.A., BFF of CT&#8217;s guiding teacher and Shin practicer, and student of Venerable Thich Tri Hong and the esteemed and late Dr. (Rev.) Taitetsu Unno, will be the instructor for this course. For details, see bio in Our Teachers web page under the <a href=\"https:\/\/bffct.org\/bff\/our-teachers-officers\/\" target=\"_blank\" rel=\"noreferrer noopener\"><strong>ABOUT<\/strong><\/a> tab.<\/p>\n\n\n\n<p><strong>Be sure to read <\/strong>on the ticket the <em>Refund Policy<\/em> <em>Disclaimer of Responsibility, Code of Conduct, <\/em>&amp; <em>Image Release Agreement<\/em>. By registering to this event, you have confirmed and agreed to these policies, agreements, code of conduct.<\/p>\n\n\n\n<div id='donorboxEmbed'><\/div><script type='text\/javascript' src='https:\/\/donorbox.org\/embed_event_widget.js'><\/script><script type='text\/javascript'>DonorboxEventWidget.embed({container: 'donorboxEmbed',embedFormSlug: 'https:\/\/donorbox.org\/embed_event\/729324'});<\/script>\n","protected":false},"excerpt":{"rendered":"<p>Discover the Essence of Buddhism Open Enrollment is extended until Friday, May 9, 2025 (11:59 p.m.) &#8211; a few spots left Online classes start on May 18, 2025 &#8211; 6 p.m. online Buddhism for Beginners: A Practical Overview is a basic survey and introduction, in 2 online sessions, of the Buddha&#8217;s life, Buddhist history, ethics,&hellip;<\/p>\n","protected":false},"author":2,"featured_media":0,"parent":0,"menu_order":0,"comment_status":"closed","ping_status":"closed","template":"","meta":{"_exactmetrics_skip_tracking":false,"_exactmetrics_sitenote_active":false,"_exactmetrics_sitenote_note":"","_exactmetrics_sitenote_category":0,"footnotes":""},"class_list":["post-12163","page","type-page","status-publish","hentry","ctfw-no-image"],"_links":{"self":[{"href":"https:\/\/bffct.org\/bff\/wp-json\/wp\/v2\/pages\/12163","targetHints":{"allow":["GET"]}}],"collection":[{"href":"https:\/\/bffct.org\/bff\/wp-json\/wp\/v2\/pages"}],"about":[{"href":"https:\/\/bffct.org\/bff\/wp-json\/wp\/v2\/types\/page"}],"author":[{"embeddable":true,"href":"https:\/\/bffct.org\/bff\/wp-json\/wp\/v2\/users\/2"}],"replies":[{"embeddable":true,"href":"https:\/\/bffct.org\/bff\/wp-json\/wp\/v2\/comments?post=12163"}],"version-history":[{"count":33,"href":"https:\/\/bffct.org\/bff\/wp-json\/wp\/v2\/pages\/12163\/revisions"}],"predecessor-version":[{"id":14591,"href":"https:\/\/bffct.org\/bff\/wp-json\/wp\/v2\/pages\/12163\/revisions\/14591"}],"wp:attachment":[{"href":"https:\/\/bffct.org\/bff\/wp-json\/wp\/v2\/media?parent=12163"}],"curies":[{"name":"wp","href":"https:\/\/api.w.org\/{rel}","templated":true}]}}